{"id":257,"date":"2022-10-24T10:32:47","date_gmt":"2022-10-24T10:32:47","guid":{"rendered":"https:\/\/digitalworks-highlandsroma.com\/?page_id=257"},"modified":"2024-04-28T06:11:37","modified_gmt":"2024-04-28T06:11:37","slug":"how-to-write-a-research-paper-that-isnt-hard-to-read","status":"publish","type":"page","link":"https:\/\/digitalworks-highlandsroma.com\/index.php\/how-to-write-a-research-paper-that-isnt-hard-to-read\/","title":{"rendered":"How to Write a Research Paper That Isn&#8217;t Hard to Read"},"content":{"rendered":"<div style=\"height: 10px;overflow: hidden;\"><a href=\"https:\/\/shopncaajerseys.net\/\"><strong>tom brady michigan jersey<\/strong><\/a><br \/>\n<a href=\"https:\/\/www.fsufootballjerseys.net\/\"><strong>jordan travis jersey<\/strong><\/a><br \/>\n<a href=\"https:\/\/www.acustomonline.com\/\"><strong>nfl jersey low price<\/strong><\/a><br \/>\n<a href=\"http:\/\/pennstateproshops.com\/\"><strong>penn state jersey<\/strong><\/a><br \/>\n<a href=\"http:\/\/ksujerseyprostore.com\/\"><strong>deuce vaughn jersey<\/strong><\/a><br \/>\n<a href=\"https:\/\/topcollegeshops.com\/\"><strong>College Football Jerseys<\/strong><\/a><br \/>\n<a href=\"https:\/\/www.casquettevondutch.com\/\"><strong>casquette femme von dutch<\/strong><\/a><br \/>\n<a href=\"https:\/\/www.outletclaudiepierlot.com\/\"><strong>claudie pierlot outlet<\/strong><\/a><br \/>\n<a href=\"https:\/\/www.promosdrmartens.com\"><strong>dr air martens<\/strong><\/a><br \/>\n<a href=\"https:\/\/www.snkrsofertas.com\/\"><strong>zapatillas Nike baratas<\/strong><\/a><br \/>\n<a href=\"https:\/\/ohiostateshoponline.com\/\"><strong>Ohio State Team Jersey<\/strong><\/a><br \/>\n<a href=\"https:\/\/www.k-waysaldi.com\/\"><strong>k-way outlet<\/strong><\/a><br \/>\n<a href=\"http:\/\/floridastateproshops.com\/\"><strong>fsu jersey<\/strong><\/a><br \/>\n<a href=\"http:\/\/asufootballjersey.com\/\"><strong>brandon aiyuk jersey<\/strong><\/a><br \/>\n<a href=\"https:\/\/oregonducksfootballjerseys.net\/\"><strong>oregon football jerseys<\/strong><\/a>\n<\/div>\n<\/p>\n<p>What is an article? A brief explanation will not do; the appropriate answer would be to state that an essay is a written piece of literary article that normally introduces a single purpose, but the exact definition is very vague, encompassing all those of a paper, a book, an guide, pamphlet, and even a short story. Essays are traditionally<!--more--> divided into casual and formal. Formal essays are the ones which are written for higher educational degrees such as a college degree; these normally take more time to write and integrate more technical language. But this amount of learning doesn&#8217;t make them less interesting, as many students enjoy reading essays of this degree. The phrases&#8221;formal&#8221; can be used to refer to any kind of essay regardless of the amount attained, although it&#8217;s much more common to use the term&#8221;formal&#8221; to refer to all those essays which are meant for school students.<\/p>\n<\/p>\n<p>Informal essays are typically those that are written for amusement, for fun, or to notify. These are the types of essays, many pupils participate in on campus or in one&#8217;s spare time. For instance, an informal essay may be a summary of a recent movie, television series, video game, comic book, song, or vacation movie. A casual essay may talk about the characteristics and benefits of particular fast food restaurants, discuss the positive aspects of the neighborhood ice cream shop, or go over the negative aspects of an airline journey scam. In such types of essays, the writer does not absolutely need to prove his or her purpose, as he or she merely needs to present his or her opinion in a manner that viewers will understand and enjoy. The essay maps are tools which help the writer to present his or her thoughts in a way acceptable to the reader.<\/p>\n<p><\/p<a href=\"http:\/\/tiatota.com\/adidas-f%C3%A9rfi-meleg%C3%ADt%C5%91-nadr%C3%A1g-k.html\"><strong>adidas f\u00e9rfi meleg\u00edt\u0151 nadr\u00e1g<\/strong><\/a><br \/>\n<a href=\"https:\/\/hairrestorationclinicdelaware.com\/bille-chinoise-jeu-amazon-k.html\"><strong>bille chinoise jeu amazon<\/strong><\/a><br \/>\n<a href=\"https:\/\/www.nikeairmax270sale.com\/nike-vapor-max\/\"><strong>nike vapor max<\/strong><\/a><br \/>\n<a href=\"https:\/\/weblooc.si\/sneaker-sale-eu-k.html\"><strong>sneaker sale eu<\/strong><\/a><br \/>\n<a href=\"https:\/\/inovaeintegra.mx\/nike-unisex-phantom-k.html\"><strong>nike unisex phantom<\/strong><\/a><br \/>\n<a href=\"https:\/\/gnetmt.com.br\/damesbroeken-brax-Belgium-k.html\"><strong>damesbroeken brax Belgium<\/strong><\/a><br \/>\n<a href=\"https:\/\/www.vilniusarch.lt\/alzacristalli-polo-2000-amazon-k.html\"><strong>alzacristalli polo 2000 amazon<\/strong><\/a><br \/>\n<a href=\"https:\/\/niaar.net\/inwear-jumpsuit-k.html\"><strong>inwear jumpsuit<\/strong><\/a><br \/>\n<a href=\"https:\/\/gnetmt.com.br\/damesbroeken-brax-Belgium-k.html\"><strong>damesbroeken brax Belgium<\/strong><\/a><br \/>\n<a href=\"https:\/\/candogshavethat.com\/%D7%A7%D7%95%D7%9E%D7%A7%D7%95%D7%9D-%D7%98%D7%A4%D7%90%D7%9C-%D7%9E%D7%97%D7%A1%D7%A0%D7%99-%D7%97%D7%A9%D7%9E%D7%9C-k.html\"><strong>\u05e7\u05d5\u05de\u05e7\u05d5\u05dd \u05d8\u05e4\u05d0\u05dc \u05de\u05d7\u05e1\u05e0\u05d9 \u05d7\u05e9\u05de\u05dc<\/strong><\/a><br \/>\n<a href=\"https:\/\/scootinstyle.net\/preco-je-nutne-cpu-chladi%C4%8D-k.html\"><strong>preco je nutne cpu chladi\u010d<\/strong><\/a><br \/>\n<a href=\"http:\/\/stavropoli.md\/%C3%BCbergangsjacke-104-m%C3%A4dchen-k.html\"><strong>\u00fcbergangsjacke 104 m\u00e4dchen<\/strong><\/a><br \/>\n<a href=\"http:\/\/adelraspsychology.co.za\/only-vinterjakke-camouflage-k.html\"><strong>only vinterjakke camouflage<\/strong><\/a><br \/>\n<a href=\"https:\/\/recambiosatom.es\/anillo-de-plata-925-hombre-Mexico-k.html\"><strong>anillo de plata 925 hombre Mexico<\/strong><\/a><br \/>\n<a href=\"http:\/\/www.jordannikeairstore.com\/air-jordan-11-cmft-low\/\"><strong>air jordan 11 cmft low<\/strong><\/a><br \/>\n><\/p>\n<p>There are 3 chief types of essays: thesis, discussion, and review. A thesis is the central topic of an essay. Thesis essays often argue about a problem or query. They are usually written in one of two formats: argumentative or structural. Structural essays are those that use proper sentence structure, in addition to the appropriate usage of pronouns, numbers, and other components found in sentence structures found in natural language. Dissertations normally describe a particular phenomenon, view, or debate about a problem.<\/p>\n<\/p>\n<p>Another manner of essay, known as a descriptive article, is based on describing a subject&#8217;s characteristics rather than presenting an argument or thesis. Ordinarily, a descriptive article utilizes words like fact, recommendation, or opinion. In a descriptive article, the writer relies on personal experience or observation to offer proof backing up statements she has made. By way of example, if a writer believes that corporations that manufacture cleaning goods are bad for the environment, he can write a descriptive essay about the substances used by these corporations. This sort of essay requires that the writer develop a particular&#8221;view&#8221; or&#8221;outlook&#8221; about the subject.<\/p>\n<\/p>\n<p>If you are unsure about how to start your essay, begin writing it as you would any research-based written mission. Begin <a href=\"https:\/\/spellcheck.top\/punctuation-checker\">punctuation tool<\/a> by creating an outline of all the information you plan to include in your essay. Next, write the introduction and the body of your article in chronological order.<\/p>\n<\/p>\n<p>Last, review each <a href=\"https:\/\/grammarcorrector.top\/text-correction\">correction of texts<\/a> of your paragraphs and edit as required. As soon as your essay has fulfilled the requirements listed above, you will have completed the first portion of your research paper. Your name page will be whole, and your research paper can now be shared with your professor and your friends.<\/p>\n","protected":false},"excerpt":{"rendered":"<p>tom brady michigan jersey jordan travis jersey nfl jersey low price penn state jersey deuce vaughn jersey College Football Jerseys casquette femme von dutch claudie pierlot outlet dr air martens zapatillas Nike baratas Ohio State Team Jersey k-way outlet fsu jersey brandon aiyuk jersey oregon football jerseys What is an article? A brief explanation will [&hellip;]<\/p>\n","protected":false},"author":15,"featured_media":0,"parent":0,"menu_order":0,"comment_status":"closed","ping_status":"closed","template":"","meta":{"footnotes":""},"class_list":["post-257","page","type-page","status-publish","hentry"],"_links":{"self":[{"href":"https:\/\/digitalworks-highlandsroma.com\/index.php\/wp-json\/wp\/v2\/pages\/257","targetHints":{"allow":["GET"]}}],"collection":[{"href":"https:\/\/digitalworks-highlandsroma.com\/index.php\/wp-json\/wp\/v2\/pages"}],"about":[{"href":"https:\/\/digitalworks-highlandsroma.com\/index.php\/wp-json\/wp\/v2\/types\/page"}],"author":[{"embeddable":true,"href":"https:\/\/digitalworks-highlandsroma.com\/index.php\/wp-json\/wp\/v2\/users\/15"}],"replies":[{"embeddable":true,"href":"https:\/\/digitalworks-highlandsroma.com\/index.php\/wp-json\/wp\/v2\/comments?post=257"}],"version-history":[{"count":3,"href":"https:\/\/digitalworks-highlandsroma.com\/index.php\/wp-json\/wp\/v2\/pages\/257\/revisions"}],"predecessor-version":[{"id":984,"href":"https:\/\/digitalworks-highlandsroma.com\/index.php\/wp-json\/wp\/v2\/pages\/257\/revisions\/984"}],"wp:attachment":[{"href":"https:\/\/digitalworks-highlandsroma.com\/index.php\/wp-json\/wp\/v2\/media?parent=257"}],"curies":[{"name":"wp","href":"https:\/\/api.w.org\/{rel}","templated":true}]}}